{"id":709,"date":"2023-10-26T14:10:36","date_gmt":"2023-10-26T18:10:36","guid":{"rendered":"https:\/\/www.millerwelds.ca\/politique-de-confidentialite\/"},"modified":"2023-10-26T14:14:59","modified_gmt":"2023-10-26T18:14:59","slug":"privacy-policy","status":"publish","type":"page","link":"https:\/\/www.millerwelds.ca\/en\/privacy-policy\/","title":{"rendered":"Privacy policy"},"content":{"rendered":"<h2>Preamble<\/h2>\n<p>Oxyg\u00e8ne Granby is subject to the Act respecting the protection of personal information in the private sector.<\/p>\n<p>Oxyg\u00e8ne Granby recognizes the importance of respecting privacy and commits to limiting the collection of information to what is necessary. This policy aims to inform you of the guidelines established to protect the personal information you entrust to Oxyg\u00e8ne Granby, through the Web or any other means, all in accordance with the law.<\/p>\n<h2>1. General Principles<\/h2>\n<p>In the course of its activities, and with your consent, Oxyg\u00e8ne Granby may collect personal information to use for the purposes described in section 6.<\/p>\n<p>The aim of this policy is to clearly explain how Oxyg\u00e8ne Granby collects and processes your personal information.<\/p>\n<p>This policy, as well as practices concerning the management of personal information, applies to the entire organization, including all employees and volunteers of Oxyg\u00e8ne Granby.<\/p>\n<h2>2. Definition<\/h2>\n<p>Personal information is information concerning an individual which allows them to be identified, either directly or indirectly. Regardless of its medium or its accessibility form (written, graphic, audible, visual, computerized), all personal data is covered by this policy. However, this does not include professional contact information and data that has been anonymized for legitimate and serious purposes.<\/p>\n<h2>3. Consent<\/h2>\n<p>Your consent to the communication or use of your personal information must be given explicitly. It will be valid for the purposes stated in this policy as well as for the specific purposes mentioned at the time of consent, if applicable. Consent will be valid for the duration required to achieve the objectives specified in the consent or the purposes specified in section 6 of this policy. Your consent can be withdrawn at any time, as indicated in section 8.3. of this policy.<\/p>\n<h2>4. Personal information that Oxyg\u00e8ne Granby may collect about you<\/h2>\n<p>Oxyg\u00e8ne Granby may collect, hold, use, transfer, and communicate different types of personal information about you, which are grouped as follows:<\/p>\n<ul>\n<li>Identity Data: first name, last name, title, username or similar identifier, date of birth, gender, marital status, and details on a valid identification document, including a driver&#8217;s license;<\/li>\n<li>Contact Data: postal and\/or delivery address, billing address, email address, and phone number;<\/li>\n<li>Payment Data: credit or debit card details and checks;<\/li>\n<li>Service-related Data: details about the services you have obtained from Oxyg\u00e8ne Granby;<\/li>\n<li>Technical Data: Internet Protocol (IP) address, connection data, browser type and version, time zone setting and location, browser plug-in types and versions, operating system and platform, and other technologies on the devices you use to access our websites;<\/li>\n<li>Usage Data: information on how you use our website and services;<\/li>\n<li>Marketing and Communication Data: preferences in receiving communication from us and our third parties, and communication preferences. This helps us manage our relationship with you and ensures that you only receive communications that are relevant and tailored to your preferences;<\/li>\n<\/ul>\n<h2>5. How Oxyg\u00e8ne Granby collects your personal information<\/h2>\n<p>Oxyg\u00e8ne Granby collects various personal information in several ways.<\/p>\n<h3>5.1. Information you provide to us<\/h3>\n<p>The collection of personal information mainly takes place when you use the services of Oxyg\u00e8ne Granby and when you voluntarily communicate the personal information of your patients (who must have given you permission to do so).<\/p>\n<h3>5.2. Automated technologies or interactions<\/h3>\n<p>When you interact with Oxyg\u00e8ne Granby&#8217;s website, technical data about your equipment, actions, and browsing patterns may, with your consent, be collected using cookies and other similar technologies.<\/p>\n<p>The use of cookies is a common practice. They are files that contain certain data about the person visiting a website. Cookies are stored on the user&#8217;s computer or on the hard drive of another device; they allow Oxyg\u00e8ne Granby to tailor your experience each time you visit our websites. If cookies remain disabled, some functions of our websites will not be accessible.<\/p>\n<h3>5.3. Information from third parties<\/h3>\n<p>Oxyg\u00e8ne Granby occasionally receives information about you from third parties, as indicated below:<\/p>\n<ul>\n<li>Analytics providers such as Google Analytics;<\/li>\n<li>Advertising networks such as Facebook, Instagram, YouTube, and LinkedIn;<\/li>\n<li>Search information providers such as Google;<\/li>\n<li>Publicly available information concerning you.<\/li>\n<\/ul>\n<h2>Purposes of collecting personal information<\/h2>\n<p>The personal information you provide to Oxyg\u00e8ne Granby will be used exclusively for the following purposes:<\/p>\n<ul>\n<li>To allow the analysis of your patient&#8217;s dental record, with the aim of proposing an appointment to them or to share our expertise concerning them.<\/li>\n<\/ul>\n<h2>Use, storage, and disclosure of your personal information<\/h2>\n<h3>7.1. Use of your personal information<\/h3>\n<p>Your personal information will only be used for the purposes for which they were collected, as specified in section 6.<\/p>\n<h3>7.2. Storage of your personal information<\/h3>\n<p>Your personal data will be stored confidentially for as long as necessary concerning the purposes for which they were collected, including to meet any legal, accounting, or reporting requirements.<\/p>\n<p>Your personal information will either be stored physically at the premises of Oxyg\u00e8ne Granby, digitally on the computer equipment of Oxyg\u00e8ne Granby, or digitally in the cloud system used by Oxyg\u00e8ne Granby.<\/p>\n<p>Oxyg\u00e8ne Granby ensures the protection of your personal information at all times, using appropriate security measures, whether they are physical, organizational, or technological. Also, Oxyg\u00e8ne Granby ensures limiting access to personal information to authorized individuals, according to the security levels specified in section 7.4.<\/p>\n<h3>7.3. Disclosure of your personal information<\/h3>\n<p>Oxyg\u00e8ne Granby may disclose your personal information to third parties in the following cases:<\/p>\n<ul>\n<li>Upon request from your patient, to inform a second general dentist or to seek expertise from another dental specialist;<\/li>\n<li>To a specialist deemed necessary for analyzing your patient&#8217;s record, and with their approval.<\/li>\n<\/ul>\n<h3>7.4. Accessibility by staff<\/h3>\n<p>Oxyg\u00e8ne Granby has taken measures to ensure the highest protection of your personal information.<\/p>\n<h2>Your Legal Rights<\/h2>\n<h3>8.1. Right of access to your personal information<\/h3>\n<p>Oxyg\u00e8ne Granby allows you, subject to the conditions and exemptions provided by law, to access the personal information it holds about you. Upon request, Oxyg\u00e8ne Granby will inform you of the personal information held and how it is used, and will allow you to review it.<\/p>\n<h3>8.2. Right to correct or delete personal information<\/h3>\n<p>It is possible to correct personal information that Oxyg\u00e8ne Granby has collected if this information is inaccurate, incomplete, ambiguous, outdated, or not justified by the purposes described in section 6 of this policy.<\/p>\n<p>It is also possible to have any confidential information deleted that was collected in a manner not compliant with the law.<\/p>\n<h3>8.3. Right to withdraw consent<\/h3>\n<p>In cases where Oxyg\u00e8ne Granby relies on your consent to process your personal information, you have the right to withdraw your consent at any time. However, this will not affect the legality of any processing carried out before you withdraw your consent. If you withdraw your consent, it may be the case that Oxyg\u00e8ne Granby cannot provide you with certain services.<\/p>\n<h2>9. Request and Complaint<\/h2>\n<p>Any request for access, correction, or deletion or any complaint regarding the implementation of this policy must be made in writing and accompanied by proof of identity.<\/p>\n<p>Please refer to section 11 to obtain the contact details of the person responsible for the protection of personal information.<\/p>\n<p>Upon receiving a request or complaint, Oxyg\u00e8ne Granby will strive to respond within 30 days. Occasionally, it may take up to 60 days to respond to your request, for instance, if it is particularly complex or if you have made multiple requests. In this case, Oxyg\u00e8ne Granby will inform you.<\/p>\n<h2>10. Notification of changes to the privacy policy<\/h2>\n<p>Please regularly consult this section of the website https:\/\/www.millerwelds.ca\/\u00a0to be aware of changes to our privacy policy.<\/p>\n<h2>11. Contact details and additional information<\/h2>\n<p>For any questions or comments regarding how Oxyg\u00e8ne Granby processes your personal information, the data privacy policy, or to exercise any of your rights, do not hesitate to contact the person responsible for the protection of personal information, namely <strong>St\u00e9phane Dumaine <\/strong>:<\/p>\n<p>By email:<br \/>\ninfo@oxygenegranby.com<\/p>\n<p>By mail :<br \/>\n461 rue Robinson Sud<br \/>\nGranby (Qu\u00e9bec) J2G 7N3<\/p>\n<h2>12. Statement<\/h2>\n<p>Following the reading of this Data Privacy Policy and confirmation of adherence to it, any person affected by the collection of personal information about them declares that they understand they had the right to refuse Oxyg\u00e8ne Granby from collecting this information about them and also confirms:<\/p>\n<ul>\n<li>that they agree that Oxyg\u00e8ne Granby collects and shares personal information about them to achieve the purposes described in section 6 of this policy;<\/li>\n<li>that they agree that certain information about them may be transmitted to third parties or partners of Oxyg\u00e8ne Granby, solely for the purpose of achieving the purposes described in section 6 of this policy;<\/li>\n<li>that they understand that this consent is revocable.<\/li>\n<\/ul>\n","protected":false},"excerpt":{"rendered":"<p>Preamble Oxyg\u00e8ne Granby is subject to the Act respecting the protection of personal information in the private sector. Oxyg\u00e8ne Granby recognizes the importance of respecting privacy and commits to limiting the collection of information to <a href=\"https:\/\/www.millerwelds.ca\/en\/privacy-policy\/\" class=\"more-link\">&#8230;<span class=\"screen-reader-text\">  Privacy policy<\/span><\/a><\/p>\n","protected":false},"author":1,"featured_media":0,"parent":0,"menu_order":13,"comment_status":"closed","ping_status":"closed","template":"page-templates\/policies-page.php","meta":{"_acf_changed":false,"om_disable_all_campaigns":false,"_monsterinsights_skip_tracking":false,"_monsterinsights_sitenote_active":false,"_monsterinsights_sitenote_note":"","_monsterinsights_sitenote_category":0,"footnotes":""},"class_list":["post-709","page","type-page","status-publish","hentry"],"acf":[],"_links":{"self":[{"href":"https:\/\/www.millerwelds.ca\/en\/wp-json\/wp\/v2\/pages\/709","targetHints":{"allow":["GET"]}}],"collection":[{"href":"https:\/\/www.millerwelds.ca\/en\/wp-json\/wp\/v2\/pages"}],"about":[{"href":"https:\/\/www.millerwelds.ca\/en\/wp-json\/wp\/v2\/types\/page"}],"author":[{"embeddable":true,"href":"https:\/\/www.millerwelds.ca\/en\/wp-json\/wp\/v2\/users\/1"}],"replies":[{"embeddable":true,"href":"https:\/\/www.millerwelds.ca\/en\/wp-json\/wp\/v2\/comments?post=709"}],"version-history":[{"count":2,"href":"https:\/\/www.millerwelds.ca\/en\/wp-json\/wp\/v2\/pages\/709\/revisions"}],"predecessor-version":[{"id":711,"href":"https:\/\/www.millerwelds.ca\/en\/wp-json\/wp\/v2\/pages\/709\/revisions\/711"}],"wp:attachment":[{"href":"https:\/\/www.millerwelds.ca\/en\/wp-json\/wp\/v2\/media?parent=709"}],"curies":[{"name":"wp","href":"https:\/\/api.w.org\/{rel}","templated":true}]}}